{"id":1087,"date":"2016-11-04T16:36:59","date_gmt":"2016-11-04T15:36:59","guid":{"rendered":"https:\/\/www.centredentaireahuntsic.com\/informations\/sondage-de-satisfaction"},"modified":"2019-01-22T22:47:00","modified_gmt":"2019-01-22T21:47:00","slug":"sondage-de-satisfaction","status":"publish","type":"page","link":"https:\/\/www.centredentaireahuntsic.com\/en\/informations\/sondage-de-satisfaction\/","title":{"rendered":"Satisfaction survey"},"content":{"rendered":"\n<div class=\"wpcf7 no-js\" id=\"wpcf7-f7-o1\" lang=\"fr-FR\" dir=\"ltr\" data-wpcf7-id=\"7\">\n<div class=\"screen-reader-response\"><p role=\"status\" aria-live=\"polite\" aria-atomic=\"true\"><\/p> <ul><\/ul><\/div>\n<form action=\"\/en\/wp-json\/wp\/v2\/pages\/1087#wpcf7-f7-o1\" method=\"post\" class=\"wpcf7-form init\" aria-label=\"Formulaire de contact\" novalidate=\"novalidate\" data-status=\"init\">\n<fieldset class=\"hidden-fields-container\"><input type=\"hidden\" name=\"_wpcf7\" value=\"7\" \/><input type=\"hidden\" name=\"_wpcf7_version\" value=\"6.1.5\" \/><input type=\"hidden\" name=\"_wpcf7_locale\" value=\"fr_FR\" \/><input type=\"hidden\" name=\"_wpcf7_unit_tag\" value=\"wpcf7-f7-o1\" \/><input type=\"hidden\" name=\"_wpcf7_container_post\" value=\"0\" \/><input type=\"hidden\" name=\"_wpcf7_posted_data_hash\" value=\"\" \/><input type=\"hidden\" name=\"_wpcf7_recaptcha_response\" value=\"\" \/>\n<\/fieldset>\n<p><label>Quel est votre niveau de satisfaction en regard des soins qui vous ont \u00e9t\u00e9 administr\u00e9s?*<\/label><br \/>\n<span class=\"wpcf7-form-control-wrap\" data-name=\"soins\"><span class=\"wpcf7-form-control wpcf7-radio\"><span class=\"wpcf7-list-item first\"><label><input type=\"radio\" name=\"soins\" value=\"Tr\u00e8s satisfait\" checked=\"checked\" \/><span class=\"wpcf7-list-item-label\">Tr\u00e8s satisfait<\/span><\/label><\/span><span class=\"wpcf7-list-item\"><label><input type=\"radio\" name=\"soins\" value=\"Satisfait\" \/><span class=\"wpcf7-list-item-label\">Satisfait<\/span><\/label><\/span><span class=\"wpcf7-list-item\"><label><input type=\"radio\" name=\"soins\" value=\"Plus ou moins satisfait\" \/><span class=\"wpcf7-list-item-label\">Plus ou moins satisfait<\/span><\/label><\/span><span class=\"wpcf7-list-item\"><label><input type=\"radio\" name=\"soins\" value=\"Insatisfait\" \/><span class=\"wpcf7-list-item-label\">Insatisfait<\/span><\/label><\/span><span class=\"wpcf7-list-item last\"><label><input type=\"radio\" name=\"soins\" value=\"Tr\u00e8s insatisfait\" \/><span class=\"wpcf7-list-item-label\">Tr\u00e8s insatisfait<\/span><\/label><\/span><\/span><\/span><br \/>\n<label>Quel est votre niveau de satisfaction relativement \u00e0 l'attitude du personnel?*<\/label><br \/>\n<span class=\"wpcf7-form-control-wrap\" data-name=\"attitude\"><span class=\"wpcf7-form-control wpcf7-radio\"><span class=\"wpcf7-list-item first\"><label><input type=\"radio\" name=\"attitude\" value=\"Tr\u00e8s satisfait\" checked=\"checked\" \/><span class=\"wpcf7-list-item-label\">Tr\u00e8s satisfait<\/span><\/label><\/span><span class=\"wpcf7-list-item\"><label><input type=\"radio\" name=\"attitude\" value=\"Satisfait\" \/><span class=\"wpcf7-list-item-label\">Satisfait<\/span><\/label><\/span><span class=\"wpcf7-list-item\"><label><input type=\"radio\" name=\"attitude\" value=\"Plus ou moins satisfait\" \/><span class=\"wpcf7-list-item-label\">Plus ou moins satisfait<\/span><\/label><\/span><span class=\"wpcf7-list-item\"><label><input type=\"radio\" name=\"attitude\" value=\"Insatisfait\" \/><span class=\"wpcf7-list-item-label\">Insatisfait<\/span><\/label><\/span><span class=\"wpcf7-list-item last\"><label><input type=\"radio\" name=\"attitude\" value=\"Tr\u00e8s insatisfait\" \/><span class=\"wpcf7-list-item-label\">Tr\u00e8s insatisfait<\/span><\/label><\/span><\/span><\/span><br \/>\n<label>Quel est votre niveau de satisfaction relativement \u00e0 la qualit\u00e9 des outils et technologies utilis\u00e9s?*<\/label><br \/>\n<span class=\"wpcf7-form-control-wrap\" data-name=\"qualite\"><span class=\"wpcf7-form-control wpcf7-radio\"><span class=\"wpcf7-list-item first\"><label><input type=\"radio\" name=\"qualite\" value=\"Tr\u00e8s satisfait\" checked=\"checked\" \/><span class=\"wpcf7-list-item-label\">Tr\u00e8s satisfait<\/span><\/label><\/span><span class=\"wpcf7-list-item\"><label><input type=\"radio\" name=\"qualite\" value=\"Satisfait\" \/><span class=\"wpcf7-list-item-label\">Satisfait<\/span><\/label><\/span><span class=\"wpcf7-list-item\"><label><input type=\"radio\" name=\"qualite\" value=\"Plus ou moins satisfait\" \/><span class=\"wpcf7-list-item-label\">Plus ou moins satisfait<\/span><\/label><\/span><span class=\"wpcf7-list-item\"><label><input type=\"radio\" name=\"qualite\" value=\"Insatisfait\" \/><span class=\"wpcf7-list-item-label\">Insatisfait<\/span><\/label><\/span><span class=\"wpcf7-list-item last\"><label><input type=\"radio\" name=\"qualite\" value=\"Tr\u00e8s insatisfait\" \/><span class=\"wpcf7-list-item-label\">Tr\u00e8s insatisfait<\/span><\/label><\/span><\/span><\/span><br \/>\n<span class=\"wpcf7-form-control-wrap\" data-name=\"positifs\"><textarea cols=\"40\" rows=\"10\" maxlength=\"2000\" class=\"wpcf7-form-control wpcf7-textarea wpcf7-validates-as-required form-control\" aria-required=\"true\" aria-invalid=\"false\" placeholder=\"D\u00e9crivez en quelques lignes les aspects positifs que vous avez relev\u00e9s lors de votre derni\u00e8re visite.*\" name=\"positifs\"><\/textarea><\/span><br \/>\n<span class=\"wpcf7-form-control-wrap\" data-name=\"ameliorations\"><textarea cols=\"40\" rows=\"10\" maxlength=\"2000\" class=\"wpcf7-form-control wpcf7-textarea wpcf7-validates-as-required form-control\" aria-required=\"true\" aria-invalid=\"false\" placeholder=\"Lors de votre derni\u00e8re visite chez le dentiste, expliquez-nous les aspects pour lesquels vous souhaiteriez voir une am\u00e9lioration.*\" name=\"ameliorations\"><\/textarea><\/span><br \/>\n<input class=\"wpcf7-form-control wpcf7-submit has-spinner btn btn-primary\" type=\"submit\" value=\"Envoyer\" \/>\n<\/p><input type='hidden' class='wpcf7-pum' value='{\"closepopup\":false,\"closedelay\":0,\"openpopup\":false,\"openpopup_id\":0}' \/><div class=\"wpcf7-response-output\" aria-hidden=\"true\"><\/div>\n<\/form>\n<\/div>\n\n","protected":false},"excerpt":{"rendered":"Quel est votre niveau de satisfaction en regard des soins qui vous<a class=\"readmore_exerpt\" href=\"https:\/\/www.centredentaireahuntsic.com\/en\/informations\/sondage-de-satisfaction\/\" rel=\"nofollow\"> [...]<\/a>","protected":false},"author":2,"featured_media":0,"parent":1064,"menu_order":0,"comment_status":"closed","ping_status":"closed","template":"","meta":{"_acf_changed":false,"footnotes":""},"class_list":["post-1087","page","type-page","status-publish","hentry"],"acf":[],"_links":{"self":[{"href":"https:\/\/www.centredentaireahuntsic.com\/en\/wp-json\/wp\/v2\/pages\/1087","targetHints":{"allow":["GET"]}}],"collection":[{"href":"https:\/\/www.centredentaireahuntsic.com\/en\/wp-json\/wp\/v2\/pages"}],"about":[{"href":"https:\/\/www.centredentaireahuntsic.com\/en\/wp-json\/wp\/v2\/types\/page"}],"author":[{"embeddable":true,"href":"https:\/\/www.centredentaireahuntsic.com\/en\/wp-json\/wp\/v2\/users\/2"}],"replies":[{"embeddable":true,"href":"https:\/\/www.centredentaireahuntsic.com\/en\/wp-json\/wp\/v2\/comments?post=1087"}],"version-history":[{"count":1,"href":"https:\/\/www.centredentaireahuntsic.com\/en\/wp-json\/wp\/v2\/pages\/1087\/revisions"}],"predecessor-version":[{"id":1091,"href":"https:\/\/www.centredentaireahuntsic.com\/en\/wp-json\/wp\/v2\/pages\/1087\/revisions\/1091"}],"up":[{"embeddable":true,"href":"https:\/\/www.centredentaireahuntsic.com\/en\/wp-json\/wp\/v2\/pages\/1064"}],"wp:attachment":[{"href":"https:\/\/www.centredentaireahuntsic.com\/en\/wp-json\/wp\/v2\/media?parent=1087"}],"curies":[{"name":"wp","href":"https:\/\/api.w.org\/{rel}","templated":true}]}}